{"id":1304,"date":"2024-11-14T12:46:33","date_gmt":"2024-11-14T12:46:33","guid":{"rendered":"https:\/\/naymocalor.com\/poeles-a-granules\/"},"modified":"2024-11-26T08:31:08","modified_gmt":"2024-11-26T08:31:08","slug":"poeles-a-granules","status":"publish","type":"page","link":"https:\/\/naymocalor.com\/fr\/poeles-a-granules\/","title":{"rendered":"Po\u00eales \u00e0 granul\u00e9s"},"content":{"rendered":"","protected":false},"excerpt":{"rendered":"","protected":false},"author":1,"featured_media":1305,"parent":0,"menu_order":0,"comment_status":"closed","ping_status":"closed","template":"","meta":{"_joinchat":[],"footnotes":""},"class_list":["post-1304","page","type-page","status-publish","has-post-thumbnail","hentry"],"_links":{"self":[{"href":"https:\/\/naymocalor.com\/fr\/wp-json\/wp\/v2\/pages\/1304","targetHints":{"allow":["GET"]}}],"collection":[{"href":"https:\/\/naymocalor.com\/fr\/wp-json\/wp\/v2\/pages"}],"about":[{"href":"https:\/\/naymocalor.com\/fr\/wp-json\/wp\/v2\/types\/page"}],"author":[{"embeddable":true,"href":"https:\/\/naymocalor.com\/fr\/wp-json\/wp\/v2\/users\/1"}],"replies":[{"embeddable":true,"href":"https:\/\/naymocalor.com\/fr\/wp-json\/wp\/v2\/comments?post=1304"}],"version-history":[{"count":3,"href":"https:\/\/naymocalor.com\/fr\/wp-json\/wp\/v2\/pages\/1304\/revisions"}],"predecessor-version":[{"id":1506,"href":"https:\/\/naymocalor.com\/fr\/wp-json\/wp\/v2\/pages\/1304\/revisions\/1506"}],"wp:featuredmedia":[{"embeddable":true,"href":"https:\/\/naymocalor.com\/fr\/wp-json\/wp\/v2\/media\/1305"}],"wp:attachment":[{"href":"https:\/\/naymocalor.com\/fr\/wp-json\/wp\/v2\/media?parent=1304"}],"curies":[{"name":"wp","href":"https:\/\/api.w.org\/{rel}","templated":true}]}}